{"id":162,"date":"2021-12-19T18:32:39","date_gmt":"2021-12-19T17:32:40","guid":{"rendered":"http:\/\/lec01rasp02\/?page_id=162"},"modified":"2023-04-14T17:49:31","modified_gmt":"2023-04-14T15:49:31","slug":"nos-services","status":"publish","type":"page","link":"https:\/\/calipsis.fr\/index.php\/la-clinique\/nos-services\/","title":{"rendered":"Nos Services"},"content":{"rendered":"\n<div class=\"wp-block-stackable-posts stk-block-posts has-text-align-center stk--has-container stk-block stk-ba21ad4 is-style-default\" data-block-id=\"ba21ad4\"><style>.stk-ba21ad4{min-height:17px !important;align-items:center !important;display:flex !important;--stk-columns:3 !important}.stk-ba21ad4-container{background-color:rgba(255,255,255,1) !important;border-radius:50px !important;overflow:hidden !important;box-shadow:0 5px 5px 0 rgba(18,63,82,0.035) !important;border-style:dotted !important;border-color:var(--theme-palette-color-2,#33a370) !important;border-top-width:3px !important;border-right-width:3px !important;border-bottom-width:3px !important;border-left-width:3px !important}.stk-ba21ad4 .stk-img-wrapper{width:100% !important}.stk-ba21ad4 .stk-block-posts__title a{color:var(--theme-palette-color-1,#9dc231) !important}.stk-ba21ad4 .stk-block-posts__readmore{background-image:linear-gradient(var(--theme-palette-color-3,#415161),var(--theme-palette-color-4,#2c3e50)) !important;margin-bottom:0px !important}.stk-ba21ad4 .stk-block-posts__title{margin-bottom:18px !important}@media screen and (max-width:999px){.stk-ba21ad4{--stk-columns:2 !important}}@media screen and (max-width:689px){.stk-ba21ad4{--stk-columns:1 !important}}<\/style><div class=\"stk-inner-blocks stk-content-align stk-ba21ad4-column\"><div class=\"stk-block-posts__items\"><div class=\"stk-block-posts__item\"><div class=\"stk-container stk-ba21ad4-container stk-hover-parent\"><article><h4 class=\"stk-block-posts__title has-text-color\"><a href='https:\/\/calipsis.fr\/index.php\/2015\/06\/24\/lampe-de-wood\/'>Bilan \u00ab\u00a0Champignon\u00a0\u00bb<\/a><\/h4><a href=\"https:\/\/calipsis.fr\/index.php\/2015\/06\/24\/lampe-de-wood\/\" class=\"stk-block-posts__image-link\"><\/a><a class=\"stk-block-posts__readmore stk--is-gradient has-text-align-center has-text-color\" href=\"https:\/\/calipsis.fr\/index.php\/2015\/06\/24\/lampe-de-wood\/\">Continuer \u00e0 lire<\/a><\/article><\/div><\/div><div class=\"stk-block-posts__item\"><div class=\"stk-container stk-ba21ad4-container stk-hover-parent\"><article><h4 class=\"stk-block-posts__title has-text-color\"><a href='https:\/\/calipsis.fr\/index.php\/2015\/12\/12\/appareil-danesthesie-gazeuse\/'>Bilan Anesth\u00e9sie Gazeuse<\/a><\/h4><a href=\"https:\/\/calipsis.fr\/index.php\/2015\/12\/12\/appareil-danesthesie-gazeuse\/\" class=\"stk-block-posts__image-link\"><\/a><a class=\"stk-block-posts__readmore stk--is-gradient has-text-align-center has-text-color\" href=\"https:\/\/calipsis.fr\/index.php\/2015\/12\/12\/appareil-danesthesie-gazeuse\/\">Continuer \u00e0 lire<\/a><\/article><\/div><\/div><div class=\"stk-block-posts__item\"><div class=\"stk-container stk-ba21ad4-container stk-hover-parent\"><article><h4 class=\"stk-block-posts__title has-text-color\"><a href='https:\/\/calipsis.fr\/index.php\/2015\/06\/24\/electrocardiogramme\/'>Bilan Cardiaque<\/a><\/h4><a href=\"https:\/\/calipsis.fr\/index.php\/2015\/06\/24\/electrocardiogramme\/\" class=\"stk-block-posts__image-link\"><\/a><a class=\"stk-block-posts__readmore stk--is-gradient has-text-align-center has-text-color\" href=\"https:\/\/calipsis.fr\/index.php\/2015\/06\/24\/electrocardiogramme\/\">Continuer \u00e0 lire<\/a><\/article><\/div><\/div><div class=\"stk-block-posts__item\"><div class=\"stk-container stk-ba21ad4-container stk-hover-parent\"><article><h4 class=\"stk-block-posts__title has-text-color\"><a href='https:\/\/calipsis.fr\/index.php\/2015\/06\/24\/bloc-chirurgical\/'>Bilan Chirurgical<\/a><\/h4><a href=\"https:\/\/calipsis.fr\/index.php\/2015\/06\/24\/bloc-chirurgical\/\" class=\"stk-block-posts__image-link\"><\/a><a class=\"stk-block-posts__readmore stk--is-gradient has-text-align-center has-text-color\" href=\"https:\/\/calipsis.fr\/index.php\/2015\/06\/24\/bloc-chirurgical\/\">Continuer \u00e0 lire<\/a><\/article><\/div><\/div><div class=\"stk-block-posts__item\"><div class=\"stk-container stk-ba21ad4-container stk-hover-parent\"><article><h4 class=\"stk-block-posts__title has-text-color\"><a href='https:\/\/calipsis.fr\/index.php\/2015\/06\/24\/detartreur\/'>Bilan Dentaire<\/a><\/h4><a href=\"https:\/\/calipsis.fr\/index.php\/2015\/06\/24\/detartreur\/\" class=\"stk-block-posts__image-link\"><\/a><a class=\"stk-block-posts__readmore stk--is-gradient has-text-align-center has-text-color\" href=\"https:\/\/calipsis.fr\/index.php\/2015\/06\/24\/detartreur\/\">Continuer \u00e0 lire<\/a><\/article><\/div><\/div><div class=\"stk-block-posts__item\"><div class=\"stk-container stk-ba21ad4-container stk-hover-parent\"><article><h4 class=\"stk-block-posts__title has-text-color\"><a href='https:\/\/calipsis.fr\/index.php\/2015\/06\/05\/echographe\/'>Bilan \u00c9chographique<\/a><\/h4><a href=\"https:\/\/calipsis.fr\/index.php\/2015\/06\/05\/echographe\/\" class=\"stk-block-posts__image-link\"><\/a><a class=\"stk-block-posts__readmore stk--is-gradient has-text-align-center has-text-color\" href=\"https:\/\/calipsis.fr\/index.php\/2015\/06\/05\/echographe\/\">Continuer \u00e0 lire<\/a><\/article><\/div><\/div><div class=\"stk-block-posts__item\"><div class=\"stk-container stk-ba21ad4-container stk-hover-parent\"><article><h4 class=\"stk-block-posts__title has-text-color\"><a href='https:\/\/calipsis.fr\/index.php\/2015\/06\/24\/microscope\/'>Bilan Microscopique<\/a><\/h4><a href=\"https:\/\/calipsis.fr\/index.php\/2015\/06\/24\/microscope\/\" class=\"stk-block-posts__image-link\"><\/a><a class=\"stk-block-posts__readmore stk--is-gradient has-text-align-center has-text-color\" href=\"https:\/\/calipsis.fr\/index.php\/2015\/06\/24\/microscope\/\">Continuer \u00e0 lire<\/a><\/article><\/div><\/div><div class=\"stk-block-posts__item\"><div class=\"stk-container stk-ba21ad4-container stk-hover-parent\"><article><h4 class=\"stk-block-posts__title has-text-color\"><a href='https:\/\/calipsis.fr\/index.php\/2015\/09\/30\/otoscope\/'>Bilan Oreilles<\/a><\/h4><a href=\"https:\/\/calipsis.fr\/index.php\/2015\/09\/30\/otoscope\/\" class=\"stk-block-posts__image-link\"><\/a><a class=\"stk-block-posts__readmore stk--is-gradient has-text-align-center has-text-color\" href=\"https:\/\/calipsis.fr\/index.php\/2015\/09\/30\/otoscope\/\">Continuer \u00e0 lire<\/a><\/article><\/div><\/div><div class=\"stk-block-posts__item\"><div class=\"stk-container stk-ba21ad4-container stk-hover-parent\"><article><h4 class=\"stk-block-posts__title has-text-color\"><a href='https:\/\/calipsis.fr\/index.php\/2015\/06\/24\/appareil-radiologique\/'>Bilan Radiologique<\/a><\/h4><a href=\"https:\/\/calipsis.fr\/index.php\/2015\/06\/24\/appareil-radiologique\/\" class=\"stk-block-posts__image-link\"><\/a><a class=\"stk-block-posts__readmore stk--is-gradient has-text-align-center has-text-color\" href=\"https:\/\/calipsis.fr\/index.php\/2015\/06\/24\/appareil-radiologique\/\">Continuer \u00e0 lire<\/a><\/article><\/div><\/div><div class=\"stk-block-posts__item\"><div class=\"stk-container stk-ba21ad4-container stk-hover-parent\"><article><h4 class=\"stk-block-posts__title has-text-color\"><a href='https:\/\/calipsis.fr\/index.php\/2015\/06\/05\/analyses-hematologiques-et-biochimiques\/'>Bilan Sanguin<\/a><\/h4><a href=\"https:\/\/calipsis.fr\/index.php\/2015\/06\/05\/analyses-hematologiques-et-biochimiques\/\" class=\"stk-block-posts__image-link\"><\/a><a class=\"stk-block-posts__readmore stk--is-gradient has-text-align-center has-text-color\" href=\"https:\/\/calipsis.fr\/index.php\/2015\/06\/05\/analyses-hematologiques-et-biochimiques\/\">Continuer \u00e0 lire<\/a><\/article><\/div><\/div><div class=\"stk-block-posts__item\"><div class=\"stk-container stk-ba21ad4-container stk-hover-parent\"><article><h4 class=\"stk-block-posts__title has-text-color\"><a href='https:\/\/calipsis.fr\/index.php\/2015\/06\/05\/chirurgie\/'>La Chirurgie Cr\u00e9atrice<\/a><\/h4><a href=\"https:\/\/calipsis.fr\/index.php\/2015\/06\/05\/chirurgie\/\" class=\"stk-block-posts__image-link\"><\/a><a class=\"stk-block-posts__readmore stk--is-gradient has-text-align-center has-text-color\" href=\"https:\/\/calipsis.fr\/index.php\/2015\/06\/05\/chirurgie\/\">Continuer \u00e0 lire<\/a><\/article><\/div><\/div><div class=\"stk-block-posts__item\"><div class=\"stk-container stk-ba21ad4-container stk-hover-parent\"><article><h4 class=\"stk-block-posts__title has-text-color\"><a href='https:\/\/calipsis.fr\/index.php\/2015\/06\/24\/bistouri-electrique\/'>Le Bistouri \u00ab\u00a0Chaud\u00a0\u00bb<\/a><\/h4><a href=\"https:\/\/calipsis.fr\/index.php\/2015\/06\/24\/bistouri-electrique\/\" class=\"stk-block-posts__image-link\"><\/a><a class=\"stk-block-posts__readmore stk--is-gradient has-text-align-center has-text-color\" href=\"https:\/\/calipsis.fr\/index.php\/2015\/06\/24\/bistouri-electrique\/\">Continuer \u00e0 lire<\/a><\/article><\/div><\/div><div class=\"stk-block-posts__item\"><div class=\"stk-container stk-ba21ad4-container stk-hover-parent\"><article><h4 class=\"stk-block-posts__title has-text-color\"><a href='https:\/\/calipsis.fr\/index.php\/2020\/05\/03\/le-veterinaire-un-homme-avant-tout\/'>Le V\u00e9t\u00e9rinaire : Un Homme Avant Tout<\/a><\/h4><a href=\"https:\/\/calipsis.fr\/index.php\/2020\/05\/03\/le-veterinaire-un-homme-avant-tout\/\" class=\"stk-block-posts__image-link\"><\/a><a class=\"stk-block-posts__readmore stk--is-gradient has-text-align-center has-text-color\" href=\"https:\/\/calipsis.fr\/index.php\/2020\/05\/03\/le-veterinaire-un-homme-avant-tout\/\">Continuer \u00e0 lire<\/a><\/article><\/div><\/div><div class=\"stk-block-posts__item\"><div class=\"stk-container stk-ba21ad4-container stk-hover-parent\"><article><h4 class=\"stk-block-posts__title has-text-color\"><a href='https:\/\/calipsis.fr\/index.php\/2015\/06\/05\/la-pharmacie\/'>Le V\u00e9t\u00e9rinaire : Un Pharmacien<\/a><\/h4><a href=\"https:\/\/calipsis.fr\/index.php\/2015\/06\/05\/la-pharmacie\/\" class=\"stk-block-posts__image-link\"><\/a><a class=\"stk-block-posts__readmore stk--is-gradient has-text-align-center has-text-color\" href=\"https:\/\/calipsis.fr\/index.php\/2015\/06\/05\/la-pharmacie\/\">Continuer \u00e0 lire<\/a><\/article><\/div><\/div><\/div><div class=\"stk-inner-blocks\"><\/div><\/div><\/div>\n","protected":false},"excerpt":{"rendered":"<p>Bilan \u00ab\u00a0Champignon\u00a0\u00bb Continuer \u00e0 lire Bilan Anesth\u00e9sie Gazeuse Continuer \u00e0 lire Bilan Cardiaque Continuer \u00e0 lire Bilan Chirurgical Continuer \u00e0 lire Bilan Dentaire Continuer \u00e0 lire Bilan \u00c9chographique Continuer \u00e0 lire Bilan Microscopique Continuer \u00e0 lire Bilan Oreilles Continuer \u00e0 lire Bilan Radiologique Continuer \u00e0 lire Bilan Sanguin Continuer \u00e0 lire La Chirurgie Cr\u00e9atrice Continuer [&hellip;]<\/p>\n","protected":false},"author":1,"featured_media":0,"parent":552,"menu_order":0,"comment_status":"closed","ping_status":"closed","template":"","meta":{"footnotes":""},"class_list":["post-162","page","type-page","status-publish","hentry"],"blocksy_meta":{"styles_descriptor":{"styles":{"desktop":"","tablet":"","mobile":""},"google_fonts":[],"version":6},"page_title_panel":"","has_hero_section":"disabled","3b6e2d6feefefb35b27c8473a7531bcd":"","hero_section":"type-1","hero_elements":[{"id":"custom_title","enabled":true,"heading_tag":"h1","title":"Accueil"},{"id":"custom_description","enabled":true,"description_visibility":{"desktop":true,"tablet":true,"mobile":false}},{"id":"custom_meta","enabled":false,"meta_elements":[{"id":"author","enabled":true,"label":"Par","has_author_avatar":"yes","avatar_size":25},{"id":"post_date","enabled":true,"label":"Sur","date_format_source":"default","date_format":"M j, Y"},{"id":"updated_date","enabled":false,"label":"Sur","date_format_source":"default","date_format":"M j, Y"},{"id":"categories","enabled":false,"label":"Dans","style":"simple"},{"id":"comments","enabled":true}],"page_meta_elements":{"joined":true,"articles_count":true,"comments":true}},{"id":"breadcrumbs","enabled":false}],"b7783fb621c213a81475c8eb76203307":"","hero_alignment1":"CT_CSS_SKIP_RULE","hero_margin":40,"hero_alignment2":"center","hero_vertical_alignment":"center","93dbf069214f960ec9e3a27c15fcb075":"","hero_structure":"narrow","7a35f52908b2d8dd881d0f8c95b82468":"","page_title_bg_type":"featured_image","custom_hero_background":{"attachment_id":null},"page_title_image_size":"full","parallax":{"desktop":false,"tablet":false,"mobile":false},"93224a5e59651004678cdd1a48bd67f1":"","hero_height":"250px","pageTitleFont":{"family":"Default","variation":"Default","size":"30px","line-height":"CT_CSS_SKIP_RULE","letter-spacing":"CT_CSS_SKIP_RULE","text-transform":"CT_CSS_SKIP_RULE","text-decoration":"CT_CSS_SKIP_RULE"},"pageTitleFontColor":{"default":{"color":"CT_CSS_SKIP_RULEDEFAULT"}},"pageMetaFont":{"family":"Default","variation":"n6","size":"12px","line-height":"1.3","letter-spacing":"CT_CSS_SKIP_RULE","text-transform":"uppercase","text-decoration":"CT_CSS_SKIP_RULE"},"pageMetaFontColor":{"default":{"color":"CT_CSS_SKIP_RULEDEFAULT"},"hover":{"color":"CT_CSS_SKIP_RULEDEFAULT"}},"page_meta_button_type_font_colors":{"default":{"color":"CT_CSS_SKIP_RULEDEFAULT"},"hover":{"color":"CT_CSS_SKIP_RULEDEFAULT"}},"page_meta_button_type_background_colors":{"default":{"color":"CT_CSS_SKIP_RULEDEFAULT"},"hover":{"color":"CT_CSS_SKIP_RULEDEFAULT"}},"pageExcerptFont":{"family":"Default","variation":"Default","size":"CT_CSS_SKIP_RULE","line-height":"CT_CSS_SKIP_RULE","letter-spacing":"CT_CSS_SKIP_RULE","text-transform":"CT_CSS_SKIP_RULE","text-decoration":"CT_CSS_SKIP_RULE"},"pageExcerptColor":{"default":{"color":"CT_CSS_SKIP_RULEDEFAULT"}},"breadcrumbsFont":{"family":"Default","variation":"Default","size":"CT_CSS_SKIP_RULE","line-height":"CT_CSS_SKIP_RULE","letter-spacing":"CT_CSS_SKIP_RULE","text-transform":"CT_CSS_SKIP_RULE","text-decoration":"CT_CSS_SKIP_RULE"},"breadcrumbsFontColor":{"default":{"color":"CT_CSS_SKIP_RULEDEFAULT"},"initial":{"color":"CT_CSS_SKIP_RULEDEFAULT"},"hover":{"color":"CT_CSS_SKIP_RULEDEFAULT"}},"pageTitleOverlay":{"background_type":"color","background_pattern":"type-1","background_image":{"attachment_id":null,"x":0,"y":0},"gradient":"linear-gradient(135deg,rgba(6,147,227,1) 0%,rgb(155,81,224) 100%)","background_repeat":"repeat","background_size":"auto","background_attachment":"scroll","patternColor":{"default":{"color":"#e5e7ea"}},"overlayColor":{"default":{"color":"CT_CSS_SKIP_RULE"}},"backgroundColor":{"default":{"color":"CT_CSS_SKIP_RULE"}}},"pageTitleBackground":{"background_type":"color","background_pattern":"type-1","background_image":{"attachment_id":null,"x":0,"y":0},"gradient":"linear-gradient(135deg,rgba(6,147,227,1) 0%,rgb(155,81,224) 100%)","background_repeat":"repeat","background_size":"auto","background_attachment":"scroll","patternColor":{"default":{"color":"#e5e7ea"}},"overlayColor":{"default":{"color":"CT_CSS_SKIP_RULE"}},"backgroundColor":{"default":{"color":"var(--theme-palette-color-6)"}}},"pageTitlePadding":{"top":"50px","bottom":"50px","left":"auto","right":"auto","linked":true},"327d9a6942310dbc4ab97ab491711e7b":"","page_structure_type":"type-4","70bc6f5cc116f99b77db3165cc4a772f":"","content_style_source":"inherit","content_style":"wide","vertical_spacing_source":"inherit","content_area_spacing":"both","background":{"background_type":"color","background_pattern":"type-1","background_image":{"attachment_id":null,"x":0,"y":0},"gradient":"linear-gradient(135deg,rgba(6,147,227,1) 0%,rgb(155,81,224) 100%)","background_repeat":"repeat","background_size":"auto","background_attachment":"scroll","patternColor":{"default":{"color":"#e5e7ea"}},"overlayColor":{"default":{"color":"CT_CSS_SKIP_RULE"}},"backgroundColor":{"default":{"color":"CT_CSS_SKIP_RULE"}}},"content_background":{"background_type":"color","background_pattern":"type-1","background_image":{"attachment_id":null,"x":0,"y":0},"gradient":"linear-gradient(135deg,rgba(6,147,227,1) 0%,rgb(155,81,224) 100%)","background_repeat":"repeat","background_size":"auto","background_attachment":"scroll","patternColor":{"default":{"color":"#e5e7ea"}},"overlayColor":{"default":{"color":"CT_CSS_SKIP_RULE"}},"backgroundColor":{"default":{"color":"var(--theme-palette-color-8)"}}},"content_boxed_shadow":{"inherit":false,"blur":18,"spread":-6,"v_offset":12,"h_offset":0,"inset":false,"enable":true,"color":{"color":"rgba(34, 56, 101, 0.04)"}},"content_boxed_border":{"width":1,"style":"none","color":{"color":"rgba(44,62,80,0.2)"}},"content_boxed_radius":{"top":"3px","bottom":"3px","left":"3px","right":"3px","linked":true},"boxed_content_spacing":{"desktop":{"top":"40px","bottom":"40px","left":"40px","right":"40px","linked":true},"tablet":{"top":"35px","bottom":"35px","left":"35px","right":"35px","linked":true},"mobile":{"top":"20px","bottom":"20px","left":"20px","right":"20px","linked":true}},"2f6e0c973d4de0ce88cc54253da761c9":"","disable_featured_image":"no","disable_share_box":"no","disable_header":"no","disable_footer":"no","ebae68e8c5c97fd977a57f58348ef00b":"","72d1f4f22e6fa229ee0a04f73405634e":"","0d9eccd8551e53f8a58526019b4fd8b2":"","8fc48d132c6f533c36f7a948b9044170":"","8260fc5a1ae2f60670dceaa58b4769b4":"","d0a36da7cadb1d5f3d58d04ba627e6a7":"","778caa6f0bc9d7392a122e257bcfa675":"","ed9e0e8978598ce2f7ba27f3748af426":""},"_links":{"self":[{"href":"https:\/\/calipsis.fr\/index.php\/wp-json\/wp\/v2\/pages\/162","targetHints":{"allow":["GET"]}}],"collection":[{"href":"https:\/\/calipsis.fr\/index.php\/wp-json\/wp\/v2\/pages"}],"about":[{"href":"https:\/\/calipsis.fr\/index.php\/wp-json\/wp\/v2\/types\/page"}],"author":[{"embeddable":true,"href":"https:\/\/calipsis.fr\/index.php\/wp-json\/wp\/v2\/users\/1"}],"replies":[{"embeddable":true,"href":"https:\/\/calipsis.fr\/index.php\/wp-json\/wp\/v2\/comments?post=162"}],"version-history":[{"count":91,"href":"https:\/\/calipsis.fr\/index.php\/wp-json\/wp\/v2\/pages\/162\/revisions"}],"predecessor-version":[{"id":4735,"href":"https:\/\/calipsis.fr\/index.php\/wp-json\/wp\/v2\/pages\/162\/revisions\/4735"}],"up":[{"embeddable":true,"href":"https:\/\/calipsis.fr\/index.php\/wp-json\/wp\/v2\/pages\/552"}],"wp:attachment":[{"href":"https:\/\/calipsis.fr\/index.php\/wp-json\/wp\/v2\/media?parent=162"}],"curies":[{"name":"wp","href":"https:\/\/api.w.org\/{rel}","templated":true}]}}