{"id":22,"date":"2021-11-14T17:42:43","date_gmt":"2021-11-14T16:42:44","guid":{"rendered":"http:\/\/lec01rasp02\/?page_id=22"},"modified":"2023-03-05T18:10:22","modified_gmt":"2023-03-05T17:10:22","slug":"chats","status":"publish","type":"page","link":"https:\/\/calipsis.fr\/index.php\/fiches-conseils\/chats\/","title":{"rendered":"Chats"},"content":{"rendered":"\n<div class=\"wp-block-stackable-posts stk-block-posts has-text-align-center stk--has-container stk-block stk-9124774 is-style-default\" data-block-id=\"9124774\"><style>.stk-9124774-container{background-color:transparent !important;border-radius:50px !important;overflow:hidden !important;box-shadow:none !important;border-style:dotted !important;border-color:var(--theme-palette-color-5,#E2E7ED) !important;border-top-width:1px !important;border-right-width:1px !important;border-bottom-width:1px !important;border-left-width:1px !important}.stk-9124774-container:before{background-image:linear-gradient(90deg,#f8eded 0%,transparent 100%) !important}.stk-9124774 .stk-img-wrapper{width:100% !important}.stk-9124774 .stk-block-posts__readmore{font-size:18px !important;color:var(--theme-palette-color-3,#415161) !important}.stk-9124774{--stk-columns:3 !important}@media screen and (max-width:999px){.stk-9124774 .stk-block-posts__readmore{font-size:18px !important}.stk-9124774{--stk-columns:2 !important}}@media screen and (max-width:689px){.stk-9124774{--stk-columns:1 !important}}<\/style><div class=\"stk-inner-blocks stk-content-align stk-9124774-column\"><div class=\"stk-block-posts__items\"><div class=\"stk-block-posts__item\"><div class=\"stk-container stk-9124774-container stk-hover-parent stk--has-background-overlay\"><article><h5 class=\"stk-block-posts__title\"><a href='https:\/\/calipsis.fr\/index.php\/2024\/07\/30\/comme-a-la-maison\/'>Comme \u00e0 la maison<\/a><\/h5><a class=\"stk-block-posts__readmore has-text-align-center has-text-color\" href=\"https:\/\/calipsis.fr\/index.php\/2024\/07\/30\/comme-a-la-maison\/\">Lire l&rsquo;article<\/a><\/article><\/div><\/div><div class=\"stk-block-posts__item\"><div class=\"stk-container stk-9124774-container stk-hover-parent stk--has-background-overlay\"><article><h5 class=\"stk-block-posts__title\"><a href='https:\/\/calipsis.fr\/index.php\/2024\/07\/09\/il-ne-nous-dit-pas-tout\/'>Il ne nous dit pas Tout<\/a><\/h5><a class=\"stk-block-posts__readmore has-text-align-center has-text-color\" href=\"https:\/\/calipsis.fr\/index.php\/2024\/07\/09\/il-ne-nous-dit-pas-tout\/\">Lire l&rsquo;article<\/a><\/article><\/div><\/div><div class=\"stk-block-posts__item\"><div class=\"stk-container stk-9124774-container stk-hover-parent stk--has-background-overlay\"><article><h5 class=\"stk-block-posts__title\"><a href='https:\/\/calipsis.fr\/index.php\/2024\/05\/22\/la-gingivo-stomatite-actualites\/'>La Gingivo stomatite : Actualit\u00e9s<\/a><\/h5><a class=\"stk-block-posts__readmore has-text-align-center has-text-color\" href=\"https:\/\/calipsis.fr\/index.php\/2024\/05\/22\/la-gingivo-stomatite-actualites\/\">Lire l&rsquo;article<\/a><\/article><\/div><\/div><div class=\"stk-block-posts__item\"><div class=\"stk-container stk-9124774-container stk-hover-parent stk--has-background-overlay\"><article><h5 class=\"stk-block-posts__title\"><a href='https:\/\/calipsis.fr\/index.php\/2023\/11\/25\/detendez-vous-avec-votre-chat\/'>D\u00e9tendez vous avec votre chat<\/a><\/h5><a class=\"stk-block-posts__readmore has-text-align-center has-text-color\" href=\"https:\/\/calipsis.fr\/index.php\/2023\/11\/25\/detendez-vous-avec-votre-chat\/\">Lire l&rsquo;article<\/a><\/article><\/div><\/div><div class=\"stk-block-posts__item\"><div class=\"stk-container stk-9124774-container stk-hover-parent stk--has-background-overlay\"><article><h5 class=\"stk-block-posts__title\"><a href='https:\/\/calipsis.fr\/index.php\/2023\/08\/31\/alors-on-le-castre-ou-pas\/'>Alors ! On le castre ou pas ?<\/a><\/h5><a class=\"stk-block-posts__readmore has-text-align-center has-text-color\" href=\"https:\/\/calipsis.fr\/index.php\/2023\/08\/31\/alors-on-le-castre-ou-pas\/\">Lire l&rsquo;article<\/a><\/article><\/div><\/div><div class=\"stk-block-posts__item\"><div class=\"stk-container stk-9124774-container stk-hover-parent stk--has-background-overlay\"><article><h5 class=\"stk-block-posts__title\"><a href='https:\/\/calipsis.fr\/index.php\/2023\/06\/24\/la-permethrine-ne-permet-pas-tout\/'>La Perm\u00e9thrine ne Permet pas Tout<\/a><\/h5><a class=\"stk-block-posts__readmore has-text-align-center has-text-color\" href=\"https:\/\/calipsis.fr\/index.php\/2023\/06\/24\/la-permethrine-ne-permet-pas-tout\/\">Lire l&rsquo;article<\/a><\/article><\/div><\/div><div class=\"stk-block-posts__item\"><div class=\"stk-container stk-9124774-container stk-hover-parent stk--has-background-overlay\"><article><h5 class=\"stk-block-posts__title\"><a href='https:\/\/calipsis.fr\/index.php\/2023\/03\/09\/les-premiers-pas-parfois-difficiles-mais-souvent-prometteurs\/'>Les Premiers Pas : parfois Difficiles mais souvent Prometteurs<\/a><\/h5><a class=\"stk-block-posts__readmore has-text-align-center has-text-color\" href=\"https:\/\/calipsis.fr\/index.php\/2023\/03\/09\/les-premiers-pas-parfois-difficiles-mais-souvent-prometteurs\/\">Lire l&rsquo;article<\/a><\/article><\/div><\/div><div class=\"stk-block-posts__item\"><div class=\"stk-container stk-9124774-container stk-hover-parent stk--has-background-overlay\"><article><h5 class=\"stk-block-posts__title\"><a href='https:\/\/calipsis.fr\/index.php\/2023\/03\/07\/classement-des-pathologies-du-chat\/'>Classement des Pathologies du Chat<\/a><\/h5><a class=\"stk-block-posts__readmore has-text-align-center has-text-color\" href=\"https:\/\/calipsis.fr\/index.php\/2023\/03\/07\/classement-des-pathologies-du-chat\/\">Lire l&rsquo;article<\/a><\/article><\/div><\/div><div class=\"stk-block-posts__item\"><div class=\"stk-container stk-9124774-container stk-hover-parent stk--has-background-overlay\"><article><h5 class=\"stk-block-posts__title\"><a href='https:\/\/calipsis.fr\/index.php\/2023\/03\/07\/comment-le-chat-se-frise-la-moustache\/'>Comment le Chat se frise la Moustache !<\/a><\/h5><a class=\"stk-block-posts__readmore has-text-align-center has-text-color\" href=\"https:\/\/calipsis.fr\/index.php\/2023\/03\/07\/comment-le-chat-se-frise-la-moustache\/\">Lire l&rsquo;article<\/a><\/article><\/div><\/div><div class=\"stk-block-posts__item\"><div class=\"stk-container stk-9124774-container stk-hover-parent stk--has-background-overlay\"><article><h5 class=\"stk-block-posts__title\"><a href='https:\/\/calipsis.fr\/index.php\/2023\/02\/19\/en-garde-au-gvgv\/'>En Garde avec le GVGV !<\/a><\/h5><a class=\"stk-block-posts__readmore has-text-align-center has-text-color\" href=\"https:\/\/calipsis.fr\/index.php\/2023\/02\/19\/en-garde-au-gvgv\/\">Lire l&rsquo;article<\/a><\/article><\/div><\/div><div class=\"stk-block-posts__item\"><div class=\"stk-container stk-9124774-container stk-hover-parent stk--has-background-overlay\"><article><h5 class=\"stk-block-posts__title\"><a href='https:\/\/calipsis.fr\/index.php\/2023\/02\/15\/une-pseudo-constipation-urgente\/'>Une \u00ab\u00a0Pseudo Constipation\u00a0\u00bb Urgente<\/a><\/h5><a class=\"stk-block-posts__readmore has-text-align-center has-text-color\" href=\"https:\/\/calipsis.fr\/index.php\/2023\/02\/15\/une-pseudo-constipation-urgente\/\">Lire l&rsquo;article<\/a><\/article><\/div><\/div><div class=\"stk-block-posts__item\"><div class=\"stk-container stk-9124774-container stk-hover-parent stk--has-background-overlay\"><article><h5 class=\"stk-block-posts__title\"><a href='https:\/\/calipsis.fr\/index.php\/2023\/02\/10\/le-sphynx\/'>Le Sphynx<\/a><\/h5><a class=\"stk-block-posts__readmore has-text-align-center has-text-color\" href=\"https:\/\/calipsis.fr\/index.php\/2023\/02\/10\/le-sphynx\/\">Lire l&rsquo;article<\/a><\/article><\/div><\/div><div class=\"stk-block-posts__item\"><div class=\"stk-container stk-9124774-container stk-hover-parent stk--has-background-overlay\"><article><h5 class=\"stk-block-posts__title\"><a href='https:\/\/calipsis.fr\/index.php\/2023\/02\/10\/le-sacre-de-birmanie\/'>Le Sacr\u00e9 de Birmanie<\/a><\/h5><a class=\"stk-block-posts__readmore has-text-align-center has-text-color\" href=\"https:\/\/calipsis.fr\/index.php\/2023\/02\/10\/le-sacre-de-birmanie\/\">Lire l&rsquo;article<\/a><\/article><\/div><\/div><div class=\"stk-block-posts__item\"><div class=\"stk-container stk-9124774-container stk-hover-parent stk--has-background-overlay\"><article><h5 class=\"stk-block-posts__title\"><a href='https:\/\/calipsis.fr\/index.php\/2023\/02\/10\/le-persan\/'>Le Persan<\/a><\/h5><a class=\"stk-block-posts__readmore has-text-align-center has-text-color\" href=\"https:\/\/calipsis.fr\/index.php\/2023\/02\/10\/le-persan\/\">Lire l&rsquo;article<\/a><\/article><\/div><\/div><div class=\"stk-block-posts__item\"><div class=\"stk-container stk-9124774-container stk-hover-parent stk--has-background-overlay\"><article><h5 class=\"stk-block-posts__title\"><a href='https:\/\/calipsis.fr\/index.php\/2023\/02\/07\/le-siamois\/'>Le Siamois<\/a><\/h5><a class=\"stk-block-posts__readmore has-text-align-center has-text-color\" href=\"https:\/\/calipsis.fr\/index.php\/2023\/02\/07\/le-siamois\/\">Lire l&rsquo;article<\/a><\/article><\/div><\/div><div class=\"stk-block-posts__item\"><div class=\"stk-container stk-9124774-container stk-hover-parent stk--has-background-overlay\"><article><h5 class=\"stk-block-posts__title\"><a href='https:\/\/calipsis.fr\/index.php\/2023\/02\/02\/barf-3-la-synthese\/'>BARF 3 : La Synth\u00e8se<\/a><\/h5><a class=\"stk-block-posts__readmore has-text-align-center has-text-color\" href=\"https:\/\/calipsis.fr\/index.php\/2023\/02\/02\/barf-3-la-synthese\/\">Lire l&rsquo;article<\/a><\/article><\/div><\/div><div class=\"stk-block-posts__item\"><div class=\"stk-container stk-9124774-container stk-hover-parent stk--has-background-overlay\"><article><h5 class=\"stk-block-posts__title\"><a href='https:\/\/calipsis.fr\/index.php\/2023\/02\/02\/barf-2-une-petite-histoire-italienne-al-dente\/'>BARF 2 : Une petite Histoire Italienne Al Dente<\/a><\/h5><a class=\"stk-block-posts__readmore has-text-align-center has-text-color\" href=\"https:\/\/calipsis.fr\/index.php\/2023\/02\/02\/barf-2-une-petite-histoire-italienne-al-dente\/\">Lire l&rsquo;article<\/a><\/article><\/div><\/div><div class=\"stk-block-posts__item\"><div class=\"stk-container stk-9124774-container stk-hover-parent stk--has-background-overlay\"><article><h5 class=\"stk-block-posts__title\"><a href='https:\/\/calipsis.fr\/index.php\/2023\/02\/02\/barf-1-une-petite-histoire-suisse\/'>BARF 1 : Une petite Histoire Suisse<\/a><\/h5><a class=\"stk-block-posts__readmore has-text-align-center has-text-color\" href=\"https:\/\/calipsis.fr\/index.php\/2023\/02\/02\/barf-1-une-petite-histoire-suisse\/\">Lire l&rsquo;article<\/a><\/article><\/div><\/div><div class=\"stk-block-posts__item\"><div class=\"stk-container stk-9124774-container stk-hover-parent stk--has-background-overlay\"><article><h5 class=\"stk-block-posts__title\"><a href='https:\/\/calipsis.fr\/index.php\/2023\/02\/01\/regarde-moi-et-je-te-dirai-si-tu-souffres\/'>Regarde Moi et je te dirai si tu Souffres !<\/a><\/h5><a class=\"stk-block-posts__readmore has-text-align-center has-text-color\" href=\"https:\/\/calipsis.fr\/index.php\/2023\/02\/01\/regarde-moi-et-je-te-dirai-si-tu-souffres\/\">Lire l&rsquo;article<\/a><\/article><\/div><\/div><div class=\"stk-block-posts__item\"><div class=\"stk-container stk-9124774-container stk-hover-parent stk--has-background-overlay\"><article><h5 class=\"stk-block-posts__title\"><a href='https:\/\/calipsis.fr\/index.php\/2023\/01\/30\/du-feu-dans-la-bouche\/'>Du Feu dans la Bouche<\/a><\/h5><a class=\"stk-block-posts__readmore has-text-align-center has-text-color\" href=\"https:\/\/calipsis.fr\/index.php\/2023\/01\/30\/du-feu-dans-la-bouche\/\">Lire l&rsquo;article<\/a><\/article><\/div><\/div><div class=\"stk-block-posts__item\"><div class=\"stk-container stk-9124774-container stk-hover-parent stk--has-background-overlay\"><article><h5 class=\"stk-block-posts__title\"><a href='https:\/\/calipsis.fr\/index.php\/2023\/01\/29\/template_texte_1_photo\/'>Le Portable : un Ami bienvenu<\/a><\/h5><a class=\"stk-block-posts__readmore has-text-align-center has-text-color\" href=\"https:\/\/calipsis.fr\/index.php\/2023\/01\/29\/template_texte_1_photo\/\">Lire l&rsquo;article<\/a><\/article><\/div><\/div><\/div><div class=\"stk-inner-blocks\"><\/div><\/div><\/div>\n","protected":false},"excerpt":{"rendered":"<p>Comme \u00e0 la maison Lire l&rsquo;article Il ne nous dit pas Tout Lire l&rsquo;article La Gingivo stomatite : Actualit\u00e9s Lire l&rsquo;article D\u00e9tendez vous avec votre chat Lire l&rsquo;article Alors ! On le castre ou pas ? Lire l&rsquo;article La Perm\u00e9thrine ne Permet pas Tout Lire l&rsquo;article Les Premiers Pas : parfois Difficiles mais souvent Prometteurs [&hellip;]<\/p>\n","protected":false},"author":1,"featured_media":0,"parent":36,"menu_order":0,"comment_status":"closed","ping_status":"closed","template":"","meta":{"footnotes":""},"class_list":["post-22","page","type-page","status-publish","hentry"],"blocksy_meta":{"styles_descriptor":{"styles":{"desktop":"","tablet":"","mobile":""},"google_fonts":[],"version":6}},"_links":{"self":[{"href":"https:\/\/calipsis.fr\/index.php\/wp-json\/wp\/v2\/pages\/22","targetHints":{"allow":["GET"]}}],"collection":[{"href":"https:\/\/calipsis.fr\/index.php\/wp-json\/wp\/v2\/pages"}],"about":[{"href":"https:\/\/calipsis.fr\/index.php\/wp-json\/wp\/v2\/types\/page"}],"author":[{"embeddable":true,"href":"https:\/\/calipsis.fr\/index.php\/wp-json\/wp\/v2\/users\/1"}],"replies":[{"embeddable":true,"href":"https:\/\/calipsis.fr\/index.php\/wp-json\/wp\/v2\/comments?post=22"}],"version-history":[{"count":21,"href":"https:\/\/calipsis.fr\/index.php\/wp-json\/wp\/v2\/pages\/22\/revisions"}],"predecessor-version":[{"id":3268,"href":"https:\/\/calipsis.fr\/index.php\/wp-json\/wp\/v2\/pages\/22\/revisions\/3268"}],"up":[{"embeddable":true,"href":"https:\/\/calipsis.fr\/index.php\/wp-json\/wp\/v2\/pages\/36"}],"wp:attachment":[{"href":"https:\/\/calipsis.fr\/index.php\/wp-json\/wp\/v2\/media?parent=22"}],"curies":[{"name":"wp","href":"https:\/\/api.w.org\/{rel}","templated":true}]}}