{"id":87,"date":"2021-11-15T18:58:20","date_gmt":"2021-11-15T17:58:21","guid":{"rendered":"http:\/\/lec01rasp02\/?page_id=87"},"modified":"2023-02-03T18:58:03","modified_gmt":"2023-02-03T17:58:03","slug":"plan-dacces-2","status":"publish","type":"page","link":"https:\/\/calipsis.fr\/index.php\/plan-dacces-2\/","title":{"rendered":"Contact"},"content":{"rendered":"\n<div class=\"wp-block-stackable-columns alignwide stk-block-columns stk-block stk-33878b2\" data-block-id=\"33878b2\"><style>.stk-33878b2{margin-bottom:350px !important}<\/style><div class=\"stk-row stk-inner-blocks stk-block-content stk-content-align stk-33878b2-column alignwide\">\n<div class=\"wp-block-stackable-column stk-block-column stk-block-column--v2 stk-column stk-block stk-029f7e7\" data-block-id=\"029f7e7\"><div class=\"stk-column-wrapper stk-block-column__content stk-container stk-029f7e7-container stk--no-background stk--no-padding\"><div class=\"stk-block-content stk-inner-blocks stk-029f7e7-inner-blocks\">\n<div class=\"wp-block-stackable-heading stk-block-heading stk-block-heading--v2 stk-block stk-b1b2fe3\" id=\"span-style-color-9-dc-231-class-stk-highlight-comment-nous-contacter-span\" data-block-id=\"b1b2fe3\"><style>.stk-b1b2fe3{margin-bottom:100px !important}.stk-b1b2fe3 .stk-block-heading__text{color:var(--theme-palette-color-2,#33a370) !important;font-family:\"IBM Plex Sans\",Sans-serif !important}<\/style><h2 class=\"stk-block-heading__text has-text-color stk-block-heading--use-theme-margins\"><span style=\"color: #9dc231;\" class=\"stk-highlight\">Comment nous contacter ?<\/span><\/h2><\/div>\n\n\n\n<div class=\"wp-block-stackable-columns stk-block-columns stk-block stk-4eb3108\" data-block-id=\"4eb3108\"><style>.stk-4eb3108-column{--stk-column-gap:48px !important}<\/style><div class=\"stk-row stk-inner-blocks stk-block-content stk-content-align stk-4eb3108-column\">\n<div class=\"wp-block-stackable-column stk-block-column stk-block-column--v2 stk-column stk-block stk-6becf5d\" data-block-id=\"6becf5d\"><style>@media screen and (min-width:690px){.stk-6becf5d{flex:1 1 calc(42.5% - var(--stk-column-gap,0px) * 1 \/ 2 ) !important}}<\/style><div class=\"stk-column-wrapper stk-block-column__content stk-container stk-6becf5d-container stk--no-background stk--no-padding\"><div class=\"stk-block-content stk-inner-blocks stk-6becf5d-inner-blocks\">\n<div class=\"wp-block-stackable-icon-box stk-block-icon-box stk-block stk-46672a1\" data-block-id=\"46672a1\"><style>.stk-46672a1{margin-bottom:41px !important}<\/style><div class=\"stk-block-content stk-inner-blocks stk-block-icon-box__content stk-container stk-46672a1-container stk--no-background stk--no-padding\">\n<div class=\"wp-block-stackable-icon-label stk-block-icon-label stk-block stk-9e2a499\" data-block-id=\"9e2a499\"><div class=\"stk-row stk-inner-blocks stk-block-content\">\n<div class=\"wp-block-stackable-icon stk-block-icon has-text-align-left stk-block stk-ce134e1\" data-block-id=\"ce134e1\"><span class=\"stk--svg-wrapper\"><div class=\"stk--inner-svg\"><svg style=\"height:0;width:0\"><defs><linearGradient id=\"linear-gradient-ce134e1\" x1=\"0\" x2=\"100%\" y1=\"0\" y2=\"0\"><stop offset=\"0%\" style=\"stop-opacity:1;stop-color:var(--linear-gradient-ce-134-e-1-color-1)\"><\/stop><stop offset=\"100%\" style=\"stop-opacity:1;stop-color:var(--linear-gradient-ce-134-e-1-color-2)\"><\/stop><\/linearGradient><\/defs><\/svg><svg data-prefix=\"fa\" data-icon=\"star\" class=\"svg-inline--fa fa-star fa-w-18\" xmlns=\"http:\/\/www.w3.org\/2000\/svg\" viewBox=\"0 0 576 512\" aria-hidden=\"true\" width=\"32\" height=\"32\"><path fill=\"currentColor\" d=\"M259.3 17.8L194 150.2 47.9 171.5c-26.2 3.8-36.7 36.1-17.7 54.6l105.7 103-25 145.5c-4.5 26.3 23.2 46 46.4 33.7L288 439.6l130.7 68.7c23.2 12.2 50.9-7.4 46.4-33.7l-25-145.5 105.7-103c19-18.5 8.5-50.8-17.7-54.6L382 150.2 316.7 17.8c-11.7-23.6-45.6-23.9-57.4 0z\"><\/path><\/svg><\/div><\/span><\/div>\n\n\n\n<div class=\"wp-block-stackable-heading stk-block-heading stk-block-heading--v2 stk-block stk-e548fa4\" id=\"par-telephone\" data-block-id=\"e548fa4\"><style>.stk-e548fa4 .stk-block-heading__text{font-size:28px !important;color:var(--theme-palette-color-3,#415161) !important;font-weight:bold !important;font-style:normal !important;font-family:\"IBM Plex Sans\",Sans-serif !important}@media screen and (max-width:999px){.stk-e548fa4 .stk-block-heading__text{font-size:28px !important}}<\/style><h4 class=\"stk-block-heading__text has-text-color stk-block-heading--use-theme-margins\">Par T\u00e9l\u00e9phone<\/h4><\/div>\n<\/div><\/div>\n\n\n\n<div class=\"wp-block-stackable-text stk-block-text stk-block stk-baf8093\" data-block-id=\"baf8093\"><style>.stk-baf8093 .stk-block-text__text{font-size:23px !important;color:var(--theme-palette-color-2,#33a370) !important;font-weight:bold !important;font-style:normal !important}@media screen and (max-width:999px){.stk-baf8093 .stk-block-text__text{font-size:23px !important}}<\/style><p class=\"stk-block-text__text has-text-color\">03.27.44.43.82<\/p><\/div>\n\n\n\n<div class=\"wp-block-stackable-text stk-block-text stk-block stk-e0d2d9a\" data-block-id=\"e0d2d9a\"><style>.stk-e0d2d9a .stk-block-text__text{font-size:28px !important;color:var(--theme-palette-color-3,#415161) !important;font-weight:bold !important;font-style:normal !important}@media screen and (max-width:999px){.stk-e0d2d9a .stk-block-text__text{font-size:28px !important}}<\/style><p class=\"stk-block-text__text has-text-color\">Par Courriel<\/p><\/div>\n\n\n\n<div class=\"wp-block-stackable-text stk-block-text stk-block stk-0bd3a22\" data-block-id=\"0bd3a22\"><style>.stk-0bd3a22 .stk-block-text__text{font-size:23px !important;color:var(--theme-palette-color-2,#33a370) !important;font-weight:bold !important;font-style:normal !important}@media screen and (max-width:999px){.stk-0bd3a22 .stk-block-text__text{font-size:23px !important}}<\/style><p class=\"stk-block-text__text has-text-color\">croix.sainte.marie@orange.fr<\/p><\/div>\n<\/div><\/div>\n\n\n\n<div class=\"wp-block-stackable-icon-box stk-block-icon-box stk-block stk-e4766aa\" data-block-id=\"e4766aa\"><div class=\"stk-block-content stk-inner-blocks stk-block-icon-box__content stk-container stk-e4766aa-container stk--no-background stk--no-padding\">\n<div class=\"wp-block-stackable-icon-label stk-block-icon-label stk-block stk-26cb1db\" data-block-id=\"26cb1db\"><div class=\"stk-row stk-inner-blocks stk-block-content\">\n<div class=\"wp-block-stackable-icon stk-block-icon has-text-align-left stk-block stk-c489ef0\" data-block-id=\"c489ef0\"><span class=\"stk--svg-wrapper\"><div class=\"stk--inner-svg\"><svg style=\"height:0;width:0\"><defs><linearGradient id=\"linear-gradient-c489ef0\" x1=\"0\" x2=\"100%\" y1=\"0\" y2=\"0\"><stop offset=\"0%\" style=\"stop-opacity:1;stop-color:var(--linear-gradient-c-489-ef-0-color-1)\"><\/stop><stop offset=\"100%\" style=\"stop-opacity:1;stop-color:var(--linear-gradient-c-489-ef-0-color-2)\"><\/stop><\/linearGradient><\/defs><\/svg><svg data-prefix=\"fa\" data-icon=\"star\" class=\"svg-inline--fa fa-star fa-w-18\" xmlns=\"http:\/\/www.w3.org\/2000\/svg\" viewBox=\"0 0 576 512\" aria-hidden=\"true\" width=\"32\" height=\"32\"><path fill=\"currentColor\" d=\"M259.3 17.8L194 150.2 47.9 171.5c-26.2 3.8-36.7 36.1-17.7 54.6l105.7 103-25 145.5c-4.5 26.3 23.2 46 46.4 33.7L288 439.6l130.7 68.7c23.2 12.2 50.9-7.4 46.4-33.7l-25-145.5 105.7-103c19-18.5 8.5-50.8-17.7-54.6L382 150.2 316.7 17.8c-11.7-23.6-45.6-23.9-57.4 0z\"><\/path><\/svg><\/div><\/span><\/div>\n\n\n\n<div class=\"wp-block-stackable-heading stk-block-heading stk-block-heading--v2 stk-block stk-675cae1\" id=\"en-vous-rendant-br-a-la-clinique\" data-block-id=\"675cae1\"><style>.stk-675cae1 .stk-block-heading__text{font-size:28px !important;font-family:\"IBM Plex Sans\",Sans-serif !important}@media screen and (max-width:999px){.stk-675cae1 .stk-block-heading__text{font-size:28px !important}}<\/style><h4 class=\"stk-block-heading__text stk-block-heading--use-theme-margins\">En vous rendant <br>\u00e0 la Clinique<\/h4><\/div>\n<\/div><\/div>\n\n\n\n<p class=\"has-palette-color-3-color has-text-color\">Au 13 Route d&rsquo;Haspres,<br>59282 DOUCHY-LES-MINES<br>Parking Sur Place<\/p>\n<\/div><\/div>\n<\/div><\/div><\/div>\n\n\n\n<div class=\"wp-block-stackable-column stk-block-column stk-block-column--v2 stk-column stk-block stk-268d74b\" data-block-id=\"268d74b\"><style>@media screen and (min-width:690px){.stk-268d74b{flex:1 1 calc(57.5% - var(--stk-column-gap,0px) * 1 \/ 2 ) !important}}<\/style><div class=\"stk-column-wrapper stk-block-column__content stk-container stk-268d74b-container stk--no-background stk--no-padding\"><div class=\"stk-block-content stk-inner-blocks stk-268d74b-inner-blocks\">\n<iframe src=\"https:\/\/www.google.com\/maps\/embed?pb=!1m18!1m12!1m3!1d2548.08128201304!2d3.402105215892281!3d50.30907520542242!2m3!1f0!2f0!3f0!3m2!1i1024!2i768!4f13.1!3m3!1m2!1s0x47c2eb289ff9735b%3A0x6ba54046561a6ad8!2sClinique%20V%C3%A9t%C3%A9rinaire%20Calipsis!5e0!3m2!1sfr!2sfr!4v1636909403919!5m2!1sfr!2sfr\" style=\"border:0;\" allowfullscreen=\"\" loading=\"lazy\" width=\"600\" height=\"450\"><\/iframe>\n<\/div><\/div><\/div>\n<\/div><\/div>\n<\/div><\/div><\/div>\n<\/div><\/div>\n","protected":false},"excerpt":{"rendered":"<p>Comment nous contacter ? Par T\u00e9l\u00e9phone 03.27.44.43.82 Par Courriel croix.sainte.marie@orange.fr En vous rendant \u00e0 la Clinique Au 13 Route d&rsquo;Haspres,59282 DOUCHY-LES-MINESParking Sur Place<\/p>\n","protected":false},"author":1,"featured_media":0,"parent":0,"menu_order":0,"comment_status":"closed","ping_status":"closed","template":"","meta":{"footnotes":""},"class_list":["post-87","page","type-page","status-publish","hentry"],"blocksy_meta":{"styles_descriptor":{"styles":{"desktop":"","tablet":"","mobile":""},"google_fonts":[],"version":6},"page_title_panel":"","has_hero_section":"disabled","e75007614d88c51d60764b389ade1f2b":"","hero_section":"type-1","hero_elements":[{"id":"custom_title","enabled":true,"heading_tag":"h1","title":"Accueil"},{"id":"custom_description","enabled":true,"description_visibility":{"desktop":true,"tablet":true,"mobile":false}},{"id":"custom_meta","enabled":false,"meta_elements":[{"id":"author","enabled":true,"label":"Par","has_author_avatar":"yes","avatar_size":25},{"id":"post_date","enabled":true,"label":"Sur","date_format_source":"default","date_format":"M j, Y"},{"id":"updated_date","enabled":false,"label":"Sur","date_format_source":"default","date_format":"M j, Y"},{"id":"categories","enabled":false,"label":"Dans","style":"simple"},{"id":"comments","enabled":true}],"page_meta_elements":{"joined":true,"articles_count":true,"comments":true}},{"id":"breadcrumbs","enabled":false}],"d6676123eba7061c404faceb8b1ef46a":"","hero_alignment1":"CT_CSS_SKIP_RULE","hero_margin":40,"hero_alignment2":"center","hero_vertical_alignment":"center","e1020b4f478d56baebee29cffc83eaba":"","hero_structure":"narrow","83124e4679f92712a89f3669159b1803":"","page_title_bg_type":"featured_image","custom_hero_background":{"attachment_id":null},"page_title_image_size":"full","parallax":{"desktop":false,"tablet":false,"mobile":false},"c60c5f124c6cab6a883378aa8b58681d":"","hero_height":"250px","pageTitleFont":{"family":"Default","variation":"Default","size":"30px","line-height":"CT_CSS_SKIP_RULE","letter-spacing":"CT_CSS_SKIP_RULE","text-transform":"CT_CSS_SKIP_RULE","text-decoration":"CT_CSS_SKIP_RULE"},"pageTitleFontColor":{"default":{"color":"CT_CSS_SKIP_RULEDEFAULT"}},"pageMetaFont":{"family":"Default","variation":"n6","size":"12px","line-height":"1.3","letter-spacing":"CT_CSS_SKIP_RULE","text-transform":"uppercase","text-decoration":"CT_CSS_SKIP_RULE"},"pageMetaFontColor":{"default":{"color":"CT_CSS_SKIP_RULEDEFAULT"},"hover":{"color":"CT_CSS_SKIP_RULEDEFAULT"}},"page_meta_button_type_font_colors":{"default":{"color":"CT_CSS_SKIP_RULEDEFAULT"},"hover":{"color":"CT_CSS_SKIP_RULEDEFAULT"}},"page_meta_button_type_background_colors":{"default":{"color":"CT_CSS_SKIP_RULEDEFAULT"},"hover":{"color":"CT_CSS_SKIP_RULEDEFAULT"}},"pageExcerptFont":{"family":"Default","variation":"Default","size":"CT_CSS_SKIP_RULE","line-height":"CT_CSS_SKIP_RULE","letter-spacing":"CT_CSS_SKIP_RULE","text-transform":"CT_CSS_SKIP_RULE","text-decoration":"CT_CSS_SKIP_RULE"},"pageExcerptColor":{"default":{"color":"CT_CSS_SKIP_RULEDEFAULT"}},"breadcrumbsFont":{"family":"Default","variation":"Default","size":"CT_CSS_SKIP_RULE","line-height":"CT_CSS_SKIP_RULE","letter-spacing":"CT_CSS_SKIP_RULE","text-transform":"CT_CSS_SKIP_RULE","text-decoration":"CT_CSS_SKIP_RULE"},"breadcrumbsFontColor":{"default":{"color":"CT_CSS_SKIP_RULEDEFAULT"},"initial":{"color":"CT_CSS_SKIP_RULEDEFAULT"},"hover":{"color":"CT_CSS_SKIP_RULEDEFAULT"}},"pageTitleOverlay":{"background_type":"color","background_pattern":"type-1","background_image":{"attachment_id":null,"x":0,"y":0},"gradient":"linear-gradient(135deg,rgba(6,147,227,1) 0%,rgb(155,81,224) 100%)","background_repeat":"repeat","background_size":"auto","background_attachment":"scroll","patternColor":{"default":{"color":"#e5e7ea"}},"overlayColor":{"default":{"color":"CT_CSS_SKIP_RULE"}},"backgroundColor":{"default":{"color":"CT_CSS_SKIP_RULE"}}},"pageTitleBackground":{"background_type":"color","background_pattern":"type-1","background_image":{"attachment_id":null,"x":0,"y":0},"gradient":"linear-gradient(135deg,rgba(6,147,227,1) 0%,rgb(155,81,224) 100%)","background_repeat":"repeat","background_size":"auto","background_attachment":"scroll","patternColor":{"default":{"color":"#e5e7ea"}},"overlayColor":{"default":{"color":"CT_CSS_SKIP_RULE"}},"backgroundColor":{"default":{"color":"var(--theme-palette-color-6)"}}},"pageTitlePadding":{"top":"50px","bottom":"50px","left":"auto","right":"auto","linked":true},"ba3887d7784e7176b26683e2a4dae031":"","page_structure_type":"type-3","5dec9e1217831c13d388f7f63d87c9d2":"","content_style_source":"inherit","content_style":"wide","vertical_spacing_source":"inherit","content_area_spacing":"both","background":{"background_type":"color","background_pattern":"type-1","background_image":{"attachment_id":null,"x":0,"y":0},"gradient":"linear-gradient(135deg,rgba(6,147,227,1) 0%,rgb(155,81,224) 100%)","background_repeat":"repeat","background_size":"auto","background_attachment":"scroll","patternColor":{"default":{"color":"#e5e7ea"}},"overlayColor":{"default":{"color":"CT_CSS_SKIP_RULE"}},"backgroundColor":{"default":{"color":"CT_CSS_SKIP_RULE"}}},"content_background":{"background_type":"color","background_pattern":"type-1","background_image":{"attachment_id":null,"x":0,"y":0},"gradient":"linear-gradient(135deg,rgba(6,147,227,1) 0%,rgb(155,81,224) 100%)","background_repeat":"repeat","background_size":"auto","background_attachment":"scroll","patternColor":{"default":{"color":"#e5e7ea"}},"overlayColor":{"default":{"color":"CT_CSS_SKIP_RULE"}},"backgroundColor":{"default":{"color":"var(--theme-palette-color-8)"}}},"content_boxed_shadow":{"inherit":false,"blur":18,"spread":-6,"v_offset":12,"h_offset":0,"inset":false,"enable":true,"color":{"color":"rgba(34, 56, 101, 0.04)"}},"content_boxed_border":{"width":1,"style":"none","color":{"color":"rgba(44,62,80,0.2)"}},"content_boxed_radius":{"top":"3px","bottom":"3px","left":"3px","right":"3px","linked":true},"boxed_content_spacing":{"desktop":{"top":"40px","bottom":"40px","left":"40px","right":"40px","linked":true},"tablet":{"top":"35px","bottom":"35px","left":"35px","right":"35px","linked":true},"mobile":{"top":"20px","bottom":"20px","left":"20px","right":"20px","linked":true}},"8a18c6ce7787d48a7cdbdad70cd75218":"","disable_featured_image":"no","disable_share_box":"no","disable_header":"no","disable_footer":"no"},"_links":{"self":[{"href":"https:\/\/calipsis.fr\/index.php\/wp-json\/wp\/v2\/pages\/87","targetHints":{"allow":["GET"]}}],"collection":[{"href":"https:\/\/calipsis.fr\/index.php\/wp-json\/wp\/v2\/pages"}],"about":[{"href":"https:\/\/calipsis.fr\/index.php\/wp-json\/wp\/v2\/types\/page"}],"author":[{"embeddable":true,"href":"https:\/\/calipsis.fr\/index.php\/wp-json\/wp\/v2\/users\/1"}],"replies":[{"embeddable":true,"href":"https:\/\/calipsis.fr\/index.php\/wp-json\/wp\/v2\/comments?post=87"}],"version-history":[{"count":21,"href":"https:\/\/calipsis.fr\/index.php\/wp-json\/wp\/v2\/pages\/87\/revisions"}],"predecessor-version":[{"id":2845,"href":"https:\/\/calipsis.fr\/index.php\/wp-json\/wp\/v2\/pages\/87\/revisions\/2845"}],"wp:attachment":[{"href":"https:\/\/calipsis.fr\/index.php\/wp-json\/wp\/v2\/media?parent=87"}],"curies":[{"name":"wp","href":"https:\/\/api.w.org\/{rel}","templated":true}]}}