{"id":96,"date":"2021-11-15T19:14:10","date_gmt":"2021-11-15T18:14:10","guid":{"rendered":"http:\/\/lec01rasp02\/?page_id=96"},"modified":"2023-01-29T16:02:32","modified_gmt":"2023-01-29T15:02:32","slug":"prendre-rendez-vous","status":"publish","type":"page","link":"https:\/\/calipsis.fr\/index.php\/prendre-rendez-vous\/","title":{"rendered":"La prise de rendez vous"},"content":{"rendered":"\n<div class=\"wp-block-stackable-call-to-action alignwide stk-block-call-to-action stk-block stk-28b8c4d is-style-default\" data-block-id=\"28b8c4d\"><style>.stk-28b8c4d{margin-bottom:0px !important}.stk-28b8c4d .stk-block-call-to-action__content{padding-top:27px !important;padding-bottom:64px !important}<\/style><div class=\"stk-block-call-to-action__content stk-content-align stk-28b8c4d-column alignwide stk-container stk-28b8c4d-container stk-hover-parent\"><div class=\"has-text-align-center stk-block-content stk-inner-blocks\">\n<div class=\"wp-block-stackable-heading stk-block-heading stk-block-heading--v2 stk-block stk-6602779 aligncenter\" id=\"la-prise-de-rendez-vous\" data-block-id=\"6602779\"><style>.stk-6602779{margin-bottom:50px !important}.stk-6602779 .stk-block-heading__text{font-family:\"IBM Plex Sans\",Sans-serif !important}<\/style><h3 class=\"stk-block-heading__text stk-block-heading--use-theme-margins\">La prise de rendez vous<\/h3><\/div>\n\n\n\n<div class=\"wp-block-stackable-image stk-block-image stk-block stk-b80f105\" data-block-id=\"b80f105\"><style>.stk-b80f105{margin-bottom:50px !important}.stk-b80f105 .stk-img-wrapper{width:38% !important;height:238px !important;filter:drop-shadow(70px 60px 60px rgba(72,73,121,0.2) ) !important}<\/style><figure class=\"stk-img-wrapper stk-image--shape-stretch stk--shadow-70px 60px 60px rgba(72, 73, 121, 0.2) \"><img loading=\"lazy\" decoding=\"async\" class=\"stk-img wp-image-2019\" src=\"https:\/\/calipsis.fr\/wp-content\/uploads\/2023\/01\/299381265_404665438436131_5593162958770438535_n.jpg\" width=\"2048\" height=\"1365\" srcset=\"https:\/\/calipsis.fr\/wp-content\/uploads\/2023\/01\/299381265_404665438436131_5593162958770438535_n.jpg 2048w, https:\/\/calipsis.fr\/wp-content\/uploads\/2023\/01\/299381265_404665438436131_5593162958770438535_n-300x200.jpg 300w, https:\/\/calipsis.fr\/wp-content\/uploads\/2023\/01\/299381265_404665438436131_5593162958770438535_n-1024x683.jpg 1024w, https:\/\/calipsis.fr\/wp-content\/uploads\/2023\/01\/299381265_404665438436131_5593162958770438535_n-768x512.jpg 768w, https:\/\/calipsis.fr\/wp-content\/uploads\/2023\/01\/299381265_404665438436131_5593162958770438535_n-1536x1024.jpg 1536w\" sizes=\"auto, (max-width: 2048px) 100vw, 2048px\" \/><\/figure><\/div>\n\n\n\n<div class=\"wp-block-stackable-text stk-block-text stk-block stk-756e619\" data-block-id=\"756e619\"><style>.stk-756e619{max-width:900px !important;margin-right:auto !important;margin-bottom:13px !important;margin-left:auto !important}.stk-756e619 .stk-block-text__text{font-size:21px !important;font-style:normal !important}@media screen and (max-width:999px){.stk-756e619 .stk-block-text__text{font-size:21px !important}}<\/style><p class=\"stk-block-text__text\">Elle est <span style=\"color: #9dc231;\" class=\"stk-highlight\"><strong>Obligatoire<\/strong> <\/span>pour une consultation <\/p><\/div>\n\n\n\n<div class=\"wp-block-stackable-text stk-block-text stk-block stk-3ab9733\" data-block-id=\"3ab9733\"><style>.stk-3ab9733{max-width:900px !important;margin-right:auto !important;margin-left:auto !important}.stk-3ab9733 .stk-block-text__text{font-size:28px !important;color:var(--theme-palette-color-3,#415161) !important;font-weight:bold !important;font-style:normal !important}@media screen and (max-width:999px){.stk-3ab9733 .stk-block-text__text{font-size:28px !important}}<\/style><p class=\"stk-block-text__text has-text-color\"><br><strong>La <strong>prise de rendez-vous<\/strong> se r\u00e9alise par :<\/strong><br><br>&#8211; <span style=\"color: #9dc231;\" class=\"stk-highlight\"><strong>T\u00e9l\u00e9phone<\/strong> <\/span>au 03.27.44.43.82<br>&#8211; <span style=\"color: #9dc231;\" class=\"stk-highlight\"><strong>Internet<\/strong> <\/span>via cette <a rel=\"noreferrer noopener\" href=\"https:\/\/www.monrendezvousveto.fr\/clinique\/douchy-les-mines\/clinique-veterinaire-calipsis-2\" target=\"_blank\">page<\/a><\/p><\/div>\n\n\n\n<div class=\"wp-block-stackable-text stk-block-text stk-block stk-326e8f9\" data-block-id=\"326e8f9\"><style>.stk-326e8f9{margin-bottom:16px !important}<\/style><p class=\"stk-block-text__text\"><\/p><\/div>\n\n\n\n<div class=\"wp-block-stackable-text stk-block-text stk-block stk-e886167\" data-block-id=\"e886167\"><style>.stk-e886167{margin-bottom:40px !important}.stk-e886167 .stk-block-text__text{font-size:19px !important;font-weight:normal !important;font-style:normal !important}@media screen and (max-width:999px){.stk-e886167 .stk-block-text__text{font-size:19px !important}}<\/style><p class=\"stk-block-text__text\"><em><strong>Consultations \u00e0 domicile possibles (+29\u20ac)\u00a0<\/strong><\/em><strong><em>seulement pour Vaccination et Euthanasie<\/em><\/strong><\/p><\/div>\n\n\n\n<div class=\"wp-block-stackable-button-group stk-block-button-group stk-block stk-857671a\" data-block-id=\"857671a\"><style>.stk-857671a{margin-bottom:39px !important}<\/style><div class=\"stk-row stk-inner-blocks stk-block-content stk-button-group\">\n<div class=\"wp-block-stackable-button stk-block-button stk-block stk-1f2ff7b\" data-block-id=\"1f2ff7b\"><style>.stk-1f2ff7b .stk-button{background:#9dc231 !important}<\/style><a class=\"stk-link stk-button stk--hover-effect-darken\" href=\"https:\/\/www.monrendezvousveto.fr\/clinique\/douchy-les-mines\/clinique-veterinaire-calipsis-2\" target=\"_blank\" rel=\"noreferrer noopener\"><span class=\"stk-button__inner-text\">Prendre Rendez Vous En Ligne<\/span><\/a><\/div>\n<\/div><\/div>\n\n\n\n<div class=\"wp-block-stackable-subtitle stk-block-subtitle stk-block stk-aeb8a7b\" data-block-id=\"aeb8a7b\"><p class=\"stk-block-subtitle__text stk-subtitle\"><\/p><\/div>\n<\/div><\/div><\/div>\n","protected":false},"excerpt":{"rendered":"<p>La prise de rendez vous Elle est Obligatoire pour une consultation La prise de rendez-vous se r\u00e9alise par : &#8211; T\u00e9l\u00e9phone au 03.27.44.43.82&#8211; Internet via cette page Consultations \u00e0 domicile possibles (+29\u20ac)\u00a0seulement pour Vaccination et Euthanasie Prendre Rendez Vous En Ligne<\/p>\n","protected":false},"author":1,"featured_media":0,"parent":0,"menu_order":0,"comment_status":"closed","ping_status":"closed","template":"","meta":{"footnotes":""},"class_list":["post-96","page","type-page","status-publish","hentry"],"blocksy_meta":{"styles_descriptor":{"styles":{"desktop":"[data-prefix=\"single_page\"] [class*=\"ct-container\"] > article[class*=\"post\"] {--has-boxed:var(--false);--has-wide:var(--true);}","tablet":"","mobile":""},"google_fonts":[],"version":6},"page_title_panel":"","has_hero_section":"disabled","e0ee026784e1ea7e971b7a73fc513dbb":"","hero_section":"type-1","hero_elements":[{"id":"custom_title","enabled":true,"heading_tag":"h1","title":"Accueil"},{"id":"custom_description","enabled":true,"description_visibility":{"desktop":true,"tablet":true,"mobile":false}},{"id":"custom_meta","enabled":false,"meta_elements":[{"id":"author","enabled":true,"label":"Par","has_author_avatar":"yes","avatar_size":25},{"id":"post_date","enabled":true,"label":"Sur","date_format_source":"default","date_format":"M j, Y"},{"id":"updated_date","enabled":false,"label":"Sur","date_format_source":"default","date_format":"M j, Y"},{"id":"categories","enabled":false,"label":"Dans","style":"simple"},{"id":"comments","enabled":true}],"page_meta_elements":{"joined":true,"articles_count":true,"comments":true}},{"id":"breadcrumbs","enabled":false}],"7bbc961390f3dac215560922e02e73c0":"","hero_alignment1":"CT_CSS_SKIP_RULE","hero_margin":40,"hero_alignment2":"center","hero_vertical_alignment":"center","cb03c4a28ba1f88ab44f2cd466018409":"","hero_structure":"narrow","9dc80a6e3a54660a3dc416d79b1ee3a0":"","page_title_bg_type":"featured_image","custom_hero_background":{"attachment_id":null},"page_title_image_size":"full","parallax":{"desktop":false,"tablet":false,"mobile":false},"8a92e71a8596caee2d5d3c63d329ef62":"","hero_height":"250px","pageTitleFont":{"family":"Default","variation":"Default","size":"30px","line-height":"CT_CSS_SKIP_RULE","letter-spacing":"CT_CSS_SKIP_RULE","text-transform":"CT_CSS_SKIP_RULE","text-decoration":"CT_CSS_SKIP_RULE"},"pageTitleFontColor":{"default":{"color":"CT_CSS_SKIP_RULEDEFAULT"}},"pageMetaFont":{"family":"Default","variation":"n6","size":"12px","line-height":"1.3","letter-spacing":"CT_CSS_SKIP_RULE","text-transform":"uppercase","text-decoration":"CT_CSS_SKIP_RULE"},"pageMetaFontColor":{"default":{"color":"CT_CSS_SKIP_RULEDEFAULT"},"hover":{"color":"CT_CSS_SKIP_RULEDEFAULT"}},"page_meta_button_type_font_colors":{"default":{"color":"CT_CSS_SKIP_RULEDEFAULT"},"hover":{"color":"CT_CSS_SKIP_RULEDEFAULT"}},"page_meta_button_type_background_colors":{"default":{"color":"CT_CSS_SKIP_RULEDEFAULT"},"hover":{"color":"CT_CSS_SKIP_RULEDEFAULT"}},"pageExcerptFont":{"family":"Default","variation":"Default","size":"CT_CSS_SKIP_RULE","line-height":"CT_CSS_SKIP_RULE","letter-spacing":"CT_CSS_SKIP_RULE","text-transform":"CT_CSS_SKIP_RULE","text-decoration":"CT_CSS_SKIP_RULE"},"pageExcerptColor":{"default":{"color":"CT_CSS_SKIP_RULEDEFAULT"}},"breadcrumbsFont":{"family":"Default","variation":"Default","size":"CT_CSS_SKIP_RULE","line-height":"CT_CSS_SKIP_RULE","letter-spacing":"CT_CSS_SKIP_RULE","text-transform":"CT_CSS_SKIP_RULE","text-decoration":"CT_CSS_SKIP_RULE"},"breadcrumbsFontColor":{"default":{"color":"CT_CSS_SKIP_RULEDEFAULT"},"initial":{"color":"CT_CSS_SKIP_RULEDEFAULT"},"hover":{"color":"CT_CSS_SKIP_RULEDEFAULT"}},"pageTitleOverlay":{"background_type":"color","background_pattern":"type-1","background_image":{"attachment_id":null,"x":0,"y":0},"gradient":"linear-gradient(135deg,rgba(6,147,227,1) 0%,rgb(155,81,224) 100%)","background_repeat":"repeat","background_size":"auto","background_attachment":"scroll","patternColor":{"default":{"color":"#e5e7ea"}},"overlayColor":{"default":{"color":"CT_CSS_SKIP_RULE"}},"backgroundColor":{"default":{"color":"CT_CSS_SKIP_RULE"}}},"pageTitleBackground":{"background_type":"color","background_pattern":"type-1","background_image":{"attachment_id":null,"x":0,"y":0},"gradient":"linear-gradient(135deg,rgba(6,147,227,1) 0%,rgb(155,81,224) 100%)","background_repeat":"repeat","background_size":"auto","background_attachment":"scroll","patternColor":{"default":{"color":"#e5e7ea"}},"overlayColor":{"default":{"color":"CT_CSS_SKIP_RULE"}},"backgroundColor":{"default":{"color":"var(--theme-palette-color-6)"}}},"pageTitlePadding":{"top":"50px","bottom":"50px","left":"auto","right":"auto","linked":true},"c0a02276917872cd4dadd9dd3d12b871":"","page_structure_type":"type-3","b01ef53c94c4b893ae9bef54f401641a":"","content_style_source":"custom","content_style":"wide","vertical_spacing_source":"inherit","content_area_spacing":"both","background":{"background_type":"color","background_pattern":"type-1","background_image":{"attachment_id":null,"x":0,"y":0},"gradient":"linear-gradient(135deg,rgba(6,147,227,1) 0%,rgb(155,81,224) 100%)","background_repeat":"repeat","background_size":"auto","background_attachment":"scroll","patternColor":{"default":{"color":"#e5e7ea"}},"overlayColor":{"default":{"color":"CT_CSS_SKIP_RULE"}},"backgroundColor":{"default":{"color":"CT_CSS_SKIP_RULE"}}},"content_background":{"background_type":"color","background_pattern":"type-1","background_image":{"attachment_id":null,"x":0,"y":0},"gradient":"linear-gradient(135deg,rgba(6,147,227,1) 0%,rgb(155,81,224) 100%)","background_repeat":"repeat","background_size":"auto","background_attachment":"scroll","patternColor":{"default":{"color":"#e5e7ea"}},"overlayColor":{"default":{"color":"CT_CSS_SKIP_RULE"}},"backgroundColor":{"default":{"color":"var(--theme-palette-color-8)"}}},"content_boxed_shadow":{"inherit":false,"blur":18,"spread":-6,"v_offset":12,"h_offset":0,"inset":false,"enable":true,"color":{"color":"rgba(34, 56, 101, 0.04)"}},"content_boxed_border":{"width":1,"style":"none","color":{"color":"rgba(44,62,80,0.2)"}},"content_boxed_radius":{"top":"3px","bottom":"3px","left":"3px","right":"3px","linked":true},"boxed_content_spacing":{"desktop":{"top":"40px","bottom":"40px","left":"40px","right":"40px","linked":true},"tablet":{"top":"35px","bottom":"35px","left":"35px","right":"35px","linked":true},"mobile":{"top":"20px","bottom":"20px","left":"20px","right":"20px","linked":true}},"aef8e99235785c38dc808f4be9a6439d":"","disable_featured_image":"no","disable_share_box":"no","disable_header":"no","disable_footer":"no"},"_links":{"self":[{"href":"https:\/\/calipsis.fr\/index.php\/wp-json\/wp\/v2\/pages\/96","targetHints":{"allow":["GET"]}}],"collection":[{"href":"https:\/\/calipsis.fr\/index.php\/wp-json\/wp\/v2\/pages"}],"about":[{"href":"https:\/\/calipsis.fr\/index.php\/wp-json\/wp\/v2\/types\/page"}],"author":[{"embeddable":true,"href":"https:\/\/calipsis.fr\/index.php\/wp-json\/wp\/v2\/users\/1"}],"replies":[{"embeddable":true,"href":"https:\/\/calipsis.fr\/index.php\/wp-json\/wp\/v2\/comments?post=96"}],"version-history":[{"count":92,"href":"https:\/\/calipsis.fr\/index.php\/wp-json\/wp\/v2\/pages\/96\/revisions"}],"predecessor-version":[{"id":2481,"href":"https:\/\/calipsis.fr\/index.php\/wp-json\/wp\/v2\/pages\/96\/revisions\/2481"}],"wp:attachment":[{"href":"https:\/\/calipsis.fr\/index.php\/wp-json\/wp\/v2\/media?parent=96"}],"curies":[{"name":"wp","href":"https:\/\/api.w.org\/{rel}","templated":true}]}}